{"id":234912,"date":"2021-08-15T16:28:55","date_gmt":"2021-08-15T14:28:55","guid":{"rendered":"https:\/\/photobettinger.com\/?page_id=234912"},"modified":"2021-08-15T16:28:56","modified_gmt":"2021-08-15T14:28:56","slug":"datenschutzerklaerung","status":"publish","type":"page","link":"https:\/\/photobettinger.com\/de\/datenschutzerklaerung\/","title":{"rendered":"Datenschutzerkl\u00e4rung"},"content":{"rendered":"<p>[et_pb_section fb_built=&#8220;1&#8243; _builder_version=&#8220;3.22&#8243;][et_pb_row _builder_version=&#8220;4.9.9&#8243; _module_preset=&#8220;default&#8220;][et_pb_column type=&#8220;4_4&#8243; _builder_version=&#8220;4.9.9&#8243; _module_preset=&#8220;default&#8220;][et_pb_text _builder_version=&#8220;4.9.10&#8243; _module_preset=&#8220;default&#8220; header_text_color=&#8220;#F5DF4D&#8220;]<\/p>\n<h1>Datenschutzerkl\u00e4rung<\/h1>\n<p>[\/et_pb_text][\/et_pb_column][\/et_pb_row][et_pb_row _builder_version=&#8220;3.25&#8243; background_size=&#8220;initial&#8220; background_position=&#8220;top_left&#8220; background_repeat=&#8220;repeat&#8220;][et_pb_column type=&#8220;4_4&#8243; _builder_version=&#8220;3.25&#8243; custom_padding=&#8220;|||&#8220; custom_padding__hover=&#8220;|||&#8220;][et_pb_text _builder_version=&#8220;4.9.4&#8243; background_size=&#8220;initial&#8220; background_position=&#8220;top_left&#8220; background_repeat=&#8220;repeat&#8220;]<\/p>\n<p><b>Einf\u00fchrung<\/b><\/p>\n<p>photo Bettinger, mit Sitz in 2, rue du Soleil (F)68128 Village-Neuf, sammelt und verarbeitet im Rahmen ihrer Gesch\u00e4ftst\u00e4tigkeit Informationen, die teilweise als &#8222;personenbezogene Daten&#8220; bezeichnet werden. Bettinger legt gro\u00dfen Wert auf die Respektierung der Privatsph\u00e4re und verwendet Daten nur verantwortungsbewusst, vertraulich und f\u00fcr einen bestimmten Zweck.<\/p>\n<p><b>Pers\u00f6nliche Daten<\/b><\/p>\n<p>Auf der Website photobettinger.com k\u00f6nnen 2 Arten von Daten gesammelt werden:<\/p>\n<ul>\n<li><b><\/b><b>Direkt \u00fcbermittelte Daten<\/b><\/li>\n<li>Es handelt sich dabei um Daten, die Sie uns direkt \u00fcber ein Kontaktformular oder durch direkten Kontakt per E-Mail \u00fcbermitteln. Die Felder &#8222;Vor- und Nachname&#8220;, &#8222;Firma oder Organisation&#8220; und &#8222;E-Mail&#8220; sind Pflichtfelder im Kontaktformular.<\/li>\n<li><b><\/b><b>Automatisch erfasste Daten<\/b><\/li>\n<li>W\u00e4hrend Ihrer Besuche k\u00f6nnen wir, nachdem Sie Ihre Zustimmung gegeben haben, Informationen vom Typ &#8222;Webanalyse&#8220; \u00fcber Ihr Browsing, die Dauer Ihres Besuchs, Ihre IP-Adresse, Ihren Browsertyp und Ihre Version sammeln. Die verwendete Technologie ist der Cookie.<\/li>\n<\/ul>\n<p><b>Verwendung der Daten<\/b><\/p>\n<p>Die Daten, die Sie uns direkt zur Verf\u00fcgung stellen, werden zum Zweck der erneuten Kontaktaufnahme mit Ihnen und\/oder im Zusammenhang mit der Anfrage, die Sie an uns richten, verwendet. Die &#8222;Webanalyse&#8220;-Daten werden anonym (durch Aufzeichnung anonymer IP-Adressen) von Google Analytics erfasst und erm\u00f6glichen es uns, das Publikum unserer Website, die Konsultationen und m\u00f6gliche Fehler zu messen, um die Benutzererfahrung st\u00e4ndig zu verbessern. Diese Daten werden von Photo Bettinger, dem f\u00fcr die Datenverarbeitung Verantwortlichen, verwendet und werden niemals an Dritte weitergegeben oder f\u00fcr andere als die oben genannten Zwecke verwendet.<\/p>\n<p><b>Rechtliche Grundlage<\/b><\/p>\n<p>Personenbezogene Daten werden nur dann erhoben, wenn der Nutzer seine obligatorische Zustimmung gegeben hat. Diese Zustimmung wird rechtsg\u00fcltig eingeholt (Schaltfl\u00e4chen und Kontrollk\u00e4stchen), ist frei, klar und unmissverst\u00e4ndlich.<\/p>\n<p><b>Dauer der Lagerung<\/b><\/p>\n<p>Die Daten werden maximal 3 Jahre lang gespeichert.<\/p>\n<p><b>Cookies<\/b><\/p>\n<p>Hier ist die Liste der verwendeten Cookies und deren Zweck:<\/p>\n<ul>\n<li>Google Analytics-Cookies (<a href=\"https:\/\/developers.google.com\/analytics\/devguides\/collection\/analyticsjs\/cookie-usage\" target=\"_blank\" rel=\"noopener\">vollst\u00e4ndige Liste<\/a>): Webanalyse<\/li>\n<li>photobettinger.com: Um sich daran zu erinnern, dass Sie Cookies akzeptiert haben, damit Sie bei Ihrem n\u00e4chsten Besuch nicht damit bel\u00e4stigt werden.<\/li>\n<\/ul>\n<p><b>Ihre Rechte in Bezug auf personenbezogene Daten<\/b><\/p>\n<p>Sie haben das Recht, alle Ihre pers\u00f6nlichen Daten einzusehen, ihre \u00c4nderung oder L\u00f6schung zu verlangen. Sie k\u00f6nnen auch Ihre Zustimmung zur Verarbeitung Ihrer Daten widerrufen.<\/p>\n<p><b>Datenschutzbeauftragter kontaktieren<\/b><\/p>\n<p><a href=\"mailto:contact@photobettinger.com\">Christian Bettinger<\/a><\/p>\n<p>[\/et_pb_text][\/et_pb_column][\/et_pb_row][\/et_pb_section]<\/p>\n","protected":false},"excerpt":{"rendered":"<p>Datenschutzerkl\u00e4rungEinf\u00fchrung photo Bettinger, mit Sitz in 2, rue du Soleil (F)68128 Village-Neuf, sammelt und verarbeitet im Rahmen ihrer Gesch\u00e4ftst\u00e4tigkeit Informationen, die teilweise als &#8222;personenbezogene Daten&#8220; bezeichnet werden. Bettinger legt gro\u00dfen Wert auf die Respektierung der Privatsph\u00e4re und verwendet Daten nur verantwortungsbewusst, vertraulich und f\u00fcr einen bestimmten Zweck. Pers\u00f6nliche Daten Auf der Website photobettinger.com k\u00f6nnen 2 [&hellip;]<\/p>\n","protected":false},"author":1,"featured_media":0,"parent":0,"menu_order":0,"comment_status":"closed","ping_status":"closed","template":"","meta":{"_et_pb_use_builder":"on","_et_pb_old_content":"","_et_gb_content_width":"","footnotes":""},"class_list":["post-234912","page","type-page","status-publish","hentry"],"_links":{"self":[{"href":"https:\/\/photobettinger.com\/de\/wp-json\/wp\/v2\/pages\/234912","targetHints":{"allow":["GET"]}}],"collection":[{"href":"https:\/\/photobettinger.com\/de\/wp-json\/wp\/v2\/pages"}],"about":[{"href":"https:\/\/photobettinger.com\/de\/wp-json\/wp\/v2\/types\/page"}],"author":[{"embeddable":true,"href":"https:\/\/photobettinger.com\/de\/wp-json\/wp\/v2\/users\/1"}],"replies":[{"embeddable":true,"href":"https:\/\/photobettinger.com\/de\/wp-json\/wp\/v2\/comments?post=234912"}],"version-history":[{"count":0,"href":"https:\/\/photobettinger.com\/de\/wp-json\/wp\/v2\/pages\/234912\/revisions"}],"wp:attachment":[{"href":"https:\/\/photobettinger.com\/de\/wp-json\/wp\/v2\/media?parent=234912"}],"curies":[{"name":"wp","href":"https:\/\/api.w.org\/{rel}","templated":true}]}}